{"id":14855,"date":"2025-02-27T15:58:17","date_gmt":"2025-02-27T20:58:17","guid":{"rendered":"https:\/\/premiumbooking.ca\/formulaire-de-demande-pour-proprietaire\/"},"modified":"2025-03-10T13:53:53","modified_gmt":"2025-03-10T17:53:53","slug":"formulaire-de-demande-pour-proprietaire","status":"publish","type":"page","link":"https:\/\/premiumbooking.ca\/fr\/formulaire-de-demande-pour-proprietaire\/","title":{"rendered":"Formulaire de Demande pour Propri\u00e9taire"},"content":{"rendered":"\t\t<div data-elementor-type=\"wp-page\" data-elementor-id=\"14855\" class=\"elementor elementor-14855 elementor-1496\" data-elementor-post-type=\"page\">\n\t\t\t\t<div class=\"elementor-element elementor-element-4f7d8117 marges-body section-marge-bas e-flex e-con-boxed e-con e-parent\" data-id=\"4f7d8117\" data-element_type=\"container\" data-e-type=\"container\">\n\t\t\t\t\t<div class=\"e-con-inner\">\n\t\t<div class=\"elementor-element elementor-element-e8ba935 e-con-full e-flex e-con e-child\" data-id=\"e8ba935\" data-element_type=\"container\" data-e-type=\"container\">\n\t\t\t\t<div class=\"elementor-element elementor-element-4877e80d elementor-widget elementor-widget-heading\" data-id=\"4877e80d\" data-element_type=\"widget\" data-e-type=\"widget\" data-widget_type=\"heading.default\">\n\t\t\t\t<div class=\"elementor-widget-container\">\n\t\t\t\t\t<h2 class=\"elementor-heading-title elementor-size-default\">Formulaire de Demande pour Propri\u00e9taire<\/h2>\t\t\t\t<\/div>\n\t\t\t\t<\/div>\n\t\t\t\t<div class=\"elementor-element elementor-element-dc32637 elementor-widget elementor-widget-text-editor\" data-id=\"dc32637\" data-element_type=\"widget\" data-e-type=\"widget\" data-widget_type=\"text-editor.default\">\n\t\t\t\t<div class=\"elementor-widget-container\">\n\t\t\t\t\t\t\t\t\t<p>Merci de nous fournir un maximum de d\u00e9tails sur votre propri\u00e9t\u00e9. Notre \u00e9quipe vous contactera dans les plus brefs d\u00e9lais.<\/p>\t\t\t\t\t\t\t\t<\/div>\n\t\t\t\t<\/div>\n\t\t\t\t<div class=\"elementor-element elementor-element-d6c1b49 elementor-button-align-start formulaire elementor-widget elementor-widget-form\" data-id=\"d6c1b49\" data-element_type=\"widget\" data-e-type=\"widget\" data-settings=\"{&quot;step_next_label&quot;:&quot;Suivant&quot;,&quot;step_previous_label&quot;:&quot;Pr\\u00e9c\\u00e9dent&quot;,&quot;button_width&quot;:&quot;100&quot;,&quot;step_type&quot;:&quot;number_text&quot;,&quot;step_icon_shape&quot;:&quot;circle&quot;}\" data-widget_type=\"form.default\">\n\t\t\t\t<div class=\"elementor-widget-container\">\n\t\t\t\t\t\t\t<form class=\"elementor-form\" method=\"post\" name=\"Formulaire de Demande pour Propri\u00e9taire\" aria-label=\"Formulaire de Demande pour Propri\u00e9taire\">\n\t\t\t<input type=\"hidden\" name=\"post_id\" value=\"14855\"\/>\n\t\t\t<input type=\"hidden\" name=\"form_id\" value=\"d6c1b49\"\/>\n\t\t\t<input type=\"hidden\" name=\"referer_title\" value=\"Formulaire De Demande Pour Propri\u00e9taire - Premium Booking\" \/>\n\n\t\t\t\t\t\t\t<input type=\"hidden\" name=\"queried_id\" value=\"14855\"\/>\n\t\t\t\n\t\t\t<div class=\"elementor-form-fields-wrapper elementor-labels-above\">\n\t\t\t\t\t\t\t\t<div class=\"elementor-field-type-text elementor-field-group elementor-column elementor-field-group-name elementor-col-50\">\n\t\t\t\t\t\t\t\t\t\t\t\t<label for=\"form-field-name\" class=\"elementor-field-label\">\n\t\t\t\t\t\t\t\tPr\u00e9nom\t\t\t\t\t\t\t<\/label>\n\t\t\t\t\t\t\t\t\t\t\t\t\t\t<input size=\"1\" type=\"text\" name=\"form_fields[name]\" id=\"form-field-name\" class=\"elementor-field elementor-size-sm  elementor-field-textual\" placeholder=\"Votre pr\u00e9nom\">\n\t\t\t\t\t\t\t\t\t\t\t<\/div>\n\t\t\t\t\t\t\t\t<div class=\"elementor-field-type-text elementor-field-group elementor-column elementor-field-group-field_9f2c726 elementor-col-50\">\n\t\t\t\t\t\t\t\t\t\t\t\t<label for=\"form-field-field_9f2c726\" class=\"elementor-field-label\">\n\t\t\t\t\t\t\t\tNom\t\t\t\t\t\t\t<\/label>\n\t\t\t\t\t\t\t\t\t\t\t\t\t\t<input size=\"1\" type=\"text\" name=\"form_fields[field_9f2c726]\" id=\"form-field-field_9f2c726\" class=\"elementor-field elementor-size-sm  elementor-field-textual\" placeholder=\"Votre nom\">\n\t\t\t\t\t\t\t\t\t\t\t<\/div>\n\t\t\t\t\t\t\t\t<div class=\"elementor-field-type-email elementor-field-group elementor-column elementor-field-group-email elementor-col-100 elementor-field-required\">\n\t\t\t\t\t\t\t\t\t\t\t\t<label for=\"form-field-email\" class=\"elementor-field-label\">\n\t\t\t\t\t\t\t\tEmail\t\t\t\t\t\t\t<\/label>\n\t\t\t\t\t\t\t\t\t\t\t\t\t\t<input size=\"1\" type=\"email\" name=\"form_fields[email]\" id=\"form-field-email\" class=\"elementor-field elementor-size-sm  elementor-field-textual\" placeholder=\"Votre email\" required=\"required\">\n\t\t\t\t\t\t\t\t\t\t\t<\/div>\n\t\t\t\t\t\t\t\t<div class=\"elementor-field-type-radio elementor-field-group elementor-column elementor-field-group-interested_in elementor-col-100 elementor-field-required\">\n\t\t\t\t\t\t\t\t\t\t\t\t<label for=\"form-field-interested_in\" class=\"elementor-field-label\">\n\t\t\t\t\t\t\t\tJe suis int\u00e9ress\u00e9(e) par\t\t\t\t\t\t\t<\/label>\n\t\t\t\t\t\t<div class=\"elementor-field-subgroup  \"><span class=\"elementor-field-option\"><input type=\"radio\" value=\"Gestion compl\u00e8te\" id=\"form-field-interested_in-0\" name=\"form_fields[interested_in]\" required=\"required\"> <label for=\"form-field-interested_in-0\">Gestion compl\u00e8te<\/label><\/span><span class=\"elementor-field-option\"><input type=\"radio\" value=\"Co-gestion premium\" id=\"form-field-interested_in-1\" name=\"form_fields[interested_in]\" required=\"required\"> <label for=\"form-field-interested_in-1\">Co-gestion premium<\/label><\/span><span class=\"elementor-field-option\"><input type=\"radio\" value=\"Je ne suis pas encore s\u00fbr(e)\" id=\"form-field-interested_in-2\" name=\"form_fields[interested_in]\" required=\"required\"> <label for=\"form-field-interested_in-2\">Je ne suis pas encore s\u00fbr(e)<\/label><\/span><\/div>\t\t\t\t<\/div>\n\t\t\t\t\t\t\t\t<div class=\"elementor-field-type-html elementor-field-group elementor-column elementor-field-group-field_af8cd9e elementor-col-100\">\n\t\t\t\t\t<div class=\"title_property_details\">D\u00e9tails de la propri\u00e9t\u00e9<\/div>\t\t\t\t<\/div>\n\t\t\t\t\t\t\t\t<div class=\"elementor-field-type-text elementor-field-group elementor-column elementor-field-group-field_9ce5c0a elementor-col-100\">\n\t\t\t\t\t\t\t\t\t\t\t\t<label for=\"form-field-field_9ce5c0a\" class=\"elementor-field-label\">\n\t\t\t\t\t\t\t\tAdresse de la propri\u00e9t\u00e9\t\t\t\t\t\t\t<\/label>\n\t\t\t\t\t\t\t\t\t\t\t\t\t\t<input size=\"1\" type=\"text\" name=\"form_fields[field_9ce5c0a]\" id=\"form-field-field_9ce5c0a\" class=\"elementor-field elementor-size-sm  elementor-field-textual\" placeholder=\"Adresse de la propri\u00e9t\u00e9\">\n\t\t\t\t\t\t\t\t\t\t\t<\/div>\n\t\t\t\t\t\t\t\t<div class=\"elementor-field-type-url elementor-field-group elementor-column elementor-field-group-field_413c0bd elementor-col-100\">\n\t\t\t\t\t\t\t\t\t\t\t\t<label for=\"form-field-field_413c0bd\" class=\"elementor-field-label\">\n\t\t\t\t\t\t\t\t Lien de l\u2019annonce\t\t\t\t\t\t\t<\/label>\n\t\t\t\t\t\t\t\t\t\t\t\t\t\t<input size=\"1\" type=\"url\" name=\"form_fields[field_413c0bd]\" id=\"form-field-field_413c0bd\" class=\"elementor-field elementor-size-sm  elementor-field-textual\" placeholder=\"(Si votre propri\u00e9t\u00e9 est d\u00e9j\u00e0 en location, veuillez fournir le lien)\">\n\t\t\t\t\t\t\t\t\t\t\t<\/div>\n\t\t\t\t\t\t\t\t<div class=\"elementor-field-type-number elementor-field-group elementor-column elementor-field-group-field_bd6c9ac elementor-col-50\">\n\t\t\t\t\t\t\t\t\t\t\t\t<label for=\"form-field-field_bd6c9ac\" class=\"elementor-field-label\">\n\t\t\t\t\t\t\t\tNombre de chambres\t\t\t\t\t\t\t<\/label>\n\t\t\t\t\t\t\t\t\t<input type=\"number\" name=\"form_fields[field_bd6c9ac]\" id=\"form-field-field_bd6c9ac\" class=\"elementor-field elementor-size-sm  elementor-field-textual\" placeholder=\"0\" min=\"\" max=\"\" >\n\t\t\t\t\t\t<\/div>\n\t\t\t\t\t\t\t\t<div class=\"elementor-field-type-number elementor-field-group elementor-column elementor-field-group-field_36a5f19 elementor-col-50\">\n\t\t\t\t\t\t\t\t\t\t\t\t<label for=\"form-field-field_36a5f19\" class=\"elementor-field-label\">\n\t\t\t\t\t\t\t\tNombre de salles de bain\t\t\t\t\t\t\t<\/label>\n\t\t\t\t\t\t\t\t\t<input type=\"number\" name=\"form_fields[field_36a5f19]\" id=\"form-field-field_36a5f19\" class=\"elementor-field elementor-size-sm  elementor-field-textual\" placeholder=\"0\" min=\"\" max=\"\" >\n\t\t\t\t\t\t<\/div>\n\t\t\t\t\t\t\t\t<div class=\"elementor-field-type-text elementor-field-group elementor-column elementor-field-group-field_1e6af7b elementor-col-100\">\n\t\t\t\t\t\t\t\t\t\t\t\t<label for=\"form-field-field_1e6af7b\" class=\"elementor-field-label\">\n\t\t\t\t\t\t\t\t Points forts de votre propri\u00e9t\u00e9\t\t\t\t\t\t\t<\/label>\n\t\t\t\t\t\t\t\t\t\t\t\t\t\t<input size=\"1\" type=\"text\" name=\"form_fields[field_1e6af7b]\" id=\"form-field-field_1e6af7b\" class=\"elementor-field elementor-size-sm  elementor-field-textual\" placeholder=\"Quel est l\u2019\u00e9l\u00e9ment que vous pr\u00e9f\u00e9rez dans votre propri\u00e9t\u00e9&nbsp;?\">\n\t\t\t\t\t\t\t\t\t\t\t<\/div>\n\t\t\t\t\t\t\t\t<div class=\"elementor-field-type-upload elementor-field-group elementor-column elementor-field-group-field_ed5a467 elementor-col-100\">\n\t\t\t\t\t\t\t\t\t\t\t\t<label for=\"form-field-field_ed5a467\" class=\"elementor-field-label\">\n\t\t\t\t\t\t\t\tPhotos\/Documents de la propri\u00e9t\u00e9\t\t\t\t\t\t\t<\/label>\n\t\t\t\t\t\t\t\t<input type=\"file\" name=\"form_fields[field_ed5a467][]\" id=\"form-field-field_ed5a467\" class=\"elementor-field elementor-size-sm  elementor-upload-field\" multiple=\"multiple\" data-maxsize=\"16\" data-maxsize-message=\"Ce fichier d\u00e9passe la taille maximale autoris\u00e9e.\">\n\n\t\t\t\t\t\t<\/div>\n\t\t\t\t\t\t\t\t<div class=\"elementor-field-group elementor-column elementor-field-type-submit elementor-col-100 e-form__buttons\">\n\t\t\t\t\t<button class=\"elementor-button elementor-size-sm\" type=\"submit\">\n\t\t\t\t\t\t<span class=\"elementor-button-content-wrapper\">\n\t\t\t\t\t\t\t\t\t\t\t\t\t\t\t\t\t\t\t\t\t\t<span class=\"elementor-button-text\">Envoyer<\/span>\n\t\t\t\t\t\t\t\t\t\t\t\t\t<\/span>\n\t\t\t\t\t<\/button>\n\t\t\t\t<\/div>\n\t\t\t<\/div>\n\t\t<\/form>\n\t\t\t\t\t\t<\/div>\n\t\t\t\t<\/div>\n\t\t\t\t<\/div>\n\t\t\t\t\t<\/div>\n\t\t\t\t<\/div>\n\t\t\t\t<\/div>\n\t\t","protected":false},"excerpt":{"rendered":"<p>Formulaire de Demande pour Propri\u00e9taire Merci de nous fournir un maximum de d\u00e9tails sur votre propri\u00e9t\u00e9. Notre \u00e9quipe vous contactera dans les plus brefs d\u00e9lais.<\/p>\n","protected":false},"author":1,"featured_media":0,"parent":0,"menu_order":0,"comment_status":"closed","ping_status":"closed","template":"","meta":{"inline_featured_image":false,"footnotes":""},"class_list":["post-14855","page","type-page","status-publish","hentry"],"_links":{"self":[{"href":"https:\/\/premiumbooking.ca\/fr\/wp-json\/wp\/v2\/pages\/14855","targetHints":{"allow":["GET"]}}],"collection":[{"href":"https:\/\/premiumbooking.ca\/fr\/wp-json\/wp\/v2\/pages"}],"about":[{"href":"https:\/\/premiumbooking.ca\/fr\/wp-json\/wp\/v2\/types\/page"}],"author":[{"embeddable":true,"href":"https:\/\/premiumbooking.ca\/fr\/wp-json\/wp\/v2\/users\/1"}],"replies":[{"embeddable":true,"href":"https:\/\/premiumbooking.ca\/fr\/wp-json\/wp\/v2\/comments?post=14855"}],"version-history":[{"count":1,"href":"https:\/\/premiumbooking.ca\/fr\/wp-json\/wp\/v2\/pages\/14855\/revisions"}],"predecessor-version":[{"id":14856,"href":"https:\/\/premiumbooking.ca\/fr\/wp-json\/wp\/v2\/pages\/14855\/revisions\/14856"}],"wp:attachment":[{"href":"https:\/\/premiumbooking.ca\/fr\/wp-json\/wp\/v2\/media?parent=14855"}],"curies":[{"name":"wp","href":"https:\/\/api.w.org\/{rel}","templated":true}]}}